{"id":381,"date":"2018-01-02T12:30:05","date_gmt":"2018-01-02T12:30:05","guid":{"rendered":"http:\/\/www.zannekrep.si\/youtube-video-tecaj\/zakljucek-nakupa\/"},"modified":"2020-05-24T08:01:25","modified_gmt":"2020-05-24T08:01:25","slug":"zakljucek-nakupa","status":"publish","type":"page","link":"https:\/\/www.zannekrep.si\/amazonfba\/zakljucek-nakupa\/","title":{"rendered":"Zaklju\u010dek nakupa"},"content":{"rendered":"\n<h2>Spodaj vnesite va\u0161e podatke in dobili boste neomejen dostop do informacij, ki smo jih pripravljali in tudi vsak mesec posodabljamo uspe\u0161ni Amazon prodajalci iz Slovenije!<\/h2> <br>\n\n\n<div class=\"woocommerce\"><\/div>\n\n\n\n<h2 style=\"text-align:center;\">Video izjave strank<\/h2>\n\n\n\n<!-- Slideshow container -->\n<div class=\"slideshow-container\">\n\n  <!-- Full-width images with number and caption text -->\n  <div class=\"mySlides fade\">\n    <div class=\"numbertext\">1 \/ 5<\/div>\n    <iframe loading=\"lazy\" width=\"560\" height=\"315\" style=\"display:block; margin: 0 auto;\" src=\"https:\/\/www.youtube.com\/embed\/N_zbVWXnVZg\" frameborder=\"0\" allow=\"accelerometer; autoplay; encrypted-media; gyroscope; picture-in-picture\" allowfullscreen=\"\"><\/iframe>\n  <\/div>\n\n  <div class=\"mySlides fade\">\n    <div class=\"numbertext\">2 \/ 5<\/div>\n    <iframe loading=\"lazy\" width=\"560\" height=\"315\" style=\"display:block; margin: 0 auto;\" src=\"https:\/\/www.youtube.com\/embed\/1tcMR3U17kE\" frameborder=\"0\" allow=\"accelerometer; autoplay; encrypted-media; gyroscope; picture-in-picture\" allowfullscreen=\"\"><\/iframe>\n  <\/div>\n\n  <div class=\"mySlides fade\">\n    <div class=\"numbertext\">3 \/ 5<\/div>\n    <iframe loading=\"lazy\" width=\"560\" height=\"315\" style=\"display:block; margin: 0 auto;\" src=\"https:\/\/www.youtube.com\/embed\/xHkK8B5Adh8\" frameborder=\"0\" allow=\"accelerometer; autoplay; encrypted-media; gyroscope; picture-in-picture\" allowfullscreen=\"\"><\/iframe>\n  <\/div>\n<div class=\"mySlides fade\">\n    <div class=\"numbertext\">4 \/ 5<\/div>\n    <iframe loading=\"lazy\" width=\"560\" height=\"315\" style=\"display:block; margin: 0 auto;\" src=\"https:\/\/www.youtube.com\/embed\/THTNPNOH-Wc\" frameborder=\"0\" allow=\"accelerometer; autoplay; encrypted-media; gyroscope; picture-in-picture\" allowfullscreen=\"\"><\/iframe>\n  <\/div>\n<div class=\"mySlides fade\">\n    <div class=\"numbertext\">5 \/ 5<\/div>\n    <iframe loading=\"lazy\" width=\"560\" height=\"315\" style=\"display:block; margin: 0 auto;\" src=\"https:\/\/www.youtube.com\/embed\/2YgvfUj9SpM\" frameborder=\"0\" allow=\"accelerometer; autoplay; encrypted-media; gyroscope; picture-in-picture\" allowfullscreen=\"\"><\/iframe>\n  <\/div>\n\n  <!-- Next and previous buttons -->\n  <a class=\"prev\" onclick=\"plusSlides(-1)\">\u276e<\/a>\n  <a class=\"next\" onclick=\"plusSlides(1)\">\u276f<\/a>\n<\/div>\n<br>\n\n<!-- The dots\/circles -->\n<div style=\"text-align:center\">\n  <span class=\"dot\" onclick=\"currentSlide(1)\"><\/span>\n  <span class=\"dot\" onclick=\"currentSlide(2)\"><\/span>\n  <span class=\"dot\" onclick=\"currentSlide(3)\"><\/span>\n  <span class=\"dot\" onclick=\"currentSlide(4)\"><\/span>\n  <span class=\"dot\" onclick=\"currentSlide(5)\"><\/span>\n\n<script>\nvar slideIndex = 1;\nshowSlides(slideIndex);\n\n\/\/ Next\/previous controls\nfunction plusSlides(n) {\n  showSlides(slideIndex += n);\n}\n\n\/\/ Thumbnail image controls\nfunction currentSlide(n) {\n  showSlides(slideIndex = n);\n}\n\nfunction showSlides(n) {\n  var i;\n  var slides = document.getElementsByClassName(\"mySlides\");\n  var dots = document.getElementsByClassName(\"dot\");\n  if (n > slides.length) {slideIndex = 1}\n  if (n < 1) {slideIndex = slides.length}\n  for (i = 0; i < slides.length; i++) {\n      slides[i].style.display = \"none\";\n  }\n  for (i = 0; i < dots.length; i++) {\n      dots[i].className = dots[i].className.replace(\" active\", \"\");\n  }\n  slides[slideIndex-1].style.display = \"block\";\n  dots[slideIndex-1].className += \" active\";\n}\n<\/script>\n\n<style>\n* {box-sizing:border-box}\n\n\/* Slideshow container *\/\n.slideshow-container {\n  max-width: 1000px;\n  position: relative;\n  margin: auto;\n}\n\n\/* Hide the images by default *\/\n.mySlides {\n  display: none;\n}\n\n\/* Next & previous buttons *\/\n.prev, .next {\n  cursor: pointer;\n  position: absolute;\n  top: 50%;\n  width: auto;\n  margin-top: -22px;\n  padding: 16px;\n\n  font-weight: bold;\n  font-size: 18px;\n  transition: 0.6s ease;\n  border-radius: 0 3px 3px 0;\n  user-select: none;\n}\n\n\/* Position the \"next button\" to the right *\/\n.next {\n  right: 0;\n  border-radius: 3px 0 0 3px;\n}\n\n\/* On hover, add a black background color with a little bit see-through *\/\n.prev:hover, .next:hover {\n  background-color: rgba(0,0,0,0.8);\n}\n\n\/* Caption text *\/\n.text {\n  color: #f2f2f2;\n  font-size: 15px;\n  padding: 8px 12px;\n  position: absolute;\n  bottom: 8px;\n  width: 100%;\n  text-align: center;\n}\n\n\/* Number text (1\/3 etc) *\/\n.numbertext {\n  color: #f2f2f2;\n  font-size: 12px;\n  padding: 8px 12px;\n  position: absolute;\n  top: 0;\n}\n\n\/* The dots\/bullets\/indicators *\/\n.dot {\n  cursor: pointer;\n  height: 15px;\n  width: 15px;\n  margin: 0 2px;\n  background-color: #bbb;\n  border-radius: 50%;\n  display: inline-block;\n  transition: background-color 0.6s ease;\n}\n\n.active, .dot:hover {\n  background-color: #717171;\n}\n\n\/* Fading animation *\/\n.fade {\n  -webkit-animation-name: fade;\n  -webkit-animation-duration: 1.5s;\n  animation-name: fade;\n  animation-duration: 1.5s;\n}\n\n@-webkit-keyframes fade {\n  from {opacity: .4}\n  to {opacity: 1}\n}\n\n@keyframes fade {\n  from {opacity: .4}\n  to {opacity: 1}\n}\n<\/style>\n<\/div>\n<br>\n<br>\n","protected":false},"excerpt":{"rendered":"<p>Spodaj vnesite va\u0161e podatke in dobili boste neomejen dostop do informacij, ki smo jih pripravljali in tudi vsak mesec posodabljamo [&hellip;]<\/p>\n","protected":false},"author":1,"featured_media":0,"parent":0,"menu_order":0,"comment_status":"closed","ping_status":"closed","template":"","meta":{"footnotes":""},"aioseo_notices":[],"yoast_head":"<!-- This site is optimized with the Yoast SEO plugin v22.1 - https:\/\/yoast.com\/wordpress\/plugins\/seo\/ -->\n<title>Zaklju\u010dek nakupa - Prvi slovenski Amazon priro\u010dnik in video te\u010daj<\/title>\n<meta name=\"robots\" content=\"index, follow, max-snippet:-1, max-image-preview:large, max-video-preview:-1\" \/>\n<link rel=\"canonical\" href=\"https:\/\/www.zannekrep.si\/amazonfba\/zakljucek-nakupa\/\" \/>\n<meta property=\"og:locale\" content=\"sl_SI\" \/>\n<meta property=\"og:type\" content=\"article\" \/>\n<meta property=\"og:title\" content=\"Zaklju\u010dek nakupa - Prvi slovenski Amazon priro\u010dnik in video te\u010daj\" \/>\n<meta property=\"og:description\" content=\"Spodaj vnesite va\u0161e podatke in dobili boste neomejen dostop do informacij, ki smo jih pripravljali in tudi vsak mesec posodabljamo [&hellip;]\" \/>\n<meta property=\"og:url\" content=\"https:\/\/www.zannekrep.si\/amazonfba\/zakljucek-nakupa\/\" \/>\n<meta property=\"og:site_name\" content=\"Prvi slovenski Amazon priro\u010dnik in video te\u010daj\" \/>\n<meta property=\"article:modified_time\" content=\"2020-05-24T08:01:25+00:00\" \/>\n<meta name=\"twitter:card\" content=\"summary_large_image\" \/>\n<script type=\"application\/ld+json\" class=\"yoast-schema-graph\">{\"@context\":\"https:\/\/schema.org\",\"@graph\":[{\"@type\":\"WebPage\",\"@id\":\"https:\/\/www.zannekrep.si\/amazonfba\/zakljucek-nakupa\/\",\"url\":\"https:\/\/www.zannekrep.si\/amazonfba\/zakljucek-nakupa\/\",\"name\":\"Zaklju\u010dek nakupa - Prvi slovenski Amazon priro\u010dnik in video te\u010daj\",\"isPartOf\":{\"@id\":\"https:\/\/www.zannekrep.si\/amazonfba\/#website\"},\"datePublished\":\"2018-01-02T12:30:05+00:00\",\"dateModified\":\"2020-05-24T08:01:25+00:00\",\"breadcrumb\":{\"@id\":\"https:\/\/www.zannekrep.si\/amazonfba\/zakljucek-nakupa\/#breadcrumb\"},\"inLanguage\":\"sl-SI\",\"potentialAction\":[{\"@type\":\"ReadAction\",\"target\":[\"https:\/\/www.zannekrep.si\/amazonfba\/zakljucek-nakupa\/\"]}]},{\"@type\":\"BreadcrumbList\",\"@id\":\"https:\/\/www.zannekrep.si\/amazonfba\/zakljucek-nakupa\/#breadcrumb\",\"itemListElement\":[{\"@type\":\"ListItem\",\"position\":1,\"name\":\"Home\",\"item\":\"https:\/\/www.zannekrep.si\/amazonfba\/\"},{\"@type\":\"ListItem\",\"position\":2,\"name\":\"Zaklju\u010dek nakupa\"}]},{\"@type\":\"WebSite\",\"@id\":\"https:\/\/www.zannekrep.si\/amazonfba\/#website\",\"url\":\"https:\/\/www.zannekrep.si\/amazonfba\/\",\"name\":\"Prvi slovenski Amazon priro\u010dnik in video te\u010daj\",\"description\":\"Vpi\u0161ite va\u0161e podatke spodaj in med prvimi v Sloveniji boste naro\u010dili prvi slovenski priro\u010dnik in video te\u010daj o prodaji izdelkov na Amazonu iz Slovenije! \",\"potentialAction\":[{\"@type\":\"SearchAction\",\"target\":{\"@type\":\"EntryPoint\",\"urlTemplate\":\"https:\/\/www.zannekrep.si\/amazonfba\/?s={search_term_string}\"},\"query-input\":\"required name=search_term_string\"}],\"inLanguage\":\"sl-SI\"}]}<\/script>\n<!-- \/ Yoast SEO plugin. -->","yoast_head_json":{"title":"Zaklju\u010dek nakupa - Prvi slovenski Amazon priro\u010dnik in video te\u010daj","robots":{"index":"index","follow":"follow","max-snippet":"max-snippet:-1","max-image-preview":"max-image-preview:large","max-video-preview":"max-video-preview:-1"},"canonical":"https:\/\/www.zannekrep.si\/amazonfba\/zakljucek-nakupa\/","og_locale":"sl_SI","og_type":"article","og_title":"Zaklju\u010dek nakupa - Prvi slovenski Amazon priro\u010dnik in video te\u010daj","og_description":"Spodaj vnesite va\u0161e podatke in dobili boste neomejen dostop do informacij, ki smo jih pripravljali in tudi vsak mesec posodabljamo [&hellip;]","og_url":"https:\/\/www.zannekrep.si\/amazonfba\/zakljucek-nakupa\/","og_site_name":"Prvi slovenski Amazon priro\u010dnik in video te\u010daj","article_modified_time":"2020-05-24T08:01:25+00:00","twitter_card":"summary_large_image","schema":{"@context":"https:\/\/schema.org","@graph":[{"@type":"WebPage","@id":"https:\/\/www.zannekrep.si\/amazonfba\/zakljucek-nakupa\/","url":"https:\/\/www.zannekrep.si\/amazonfba\/zakljucek-nakupa\/","name":"Zaklju\u010dek nakupa - Prvi slovenski Amazon priro\u010dnik in video te\u010daj","isPartOf":{"@id":"https:\/\/www.zannekrep.si\/amazonfba\/#website"},"datePublished":"2018-01-02T12:30:05+00:00","dateModified":"2020-05-24T08:01:25+00:00","breadcrumb":{"@id":"https:\/\/www.zannekrep.si\/amazonfba\/zakljucek-nakupa\/#breadcrumb"},"inLanguage":"sl-SI","potentialAction":[{"@type":"ReadAction","target":["https:\/\/www.zannekrep.si\/amazonfba\/zakljucek-nakupa\/"]}]},{"@type":"BreadcrumbList","@id":"https:\/\/www.zannekrep.si\/amazonfba\/zakljucek-nakupa\/#breadcrumb","itemListElement":[{"@type":"ListItem","position":1,"name":"Home","item":"https:\/\/www.zannekrep.si\/amazonfba\/"},{"@type":"ListItem","position":2,"name":"Zaklju\u010dek nakupa"}]},{"@type":"WebSite","@id":"https:\/\/www.zannekrep.si\/amazonfba\/#website","url":"https:\/\/www.zannekrep.si\/amazonfba\/","name":"Prvi slovenski Amazon priro\u010dnik in video te\u010daj","description":"Vpi\u0161ite va\u0161e podatke spodaj in med prvimi v Sloveniji boste naro\u010dili prvi slovenski priro\u010dnik in video te\u010daj o prodaji izdelkov na Amazonu iz Slovenije! ","potentialAction":[{"@type":"SearchAction","target":{"@type":"EntryPoint","urlTemplate":"https:\/\/www.zannekrep.si\/amazonfba\/?s={search_term_string}"},"query-input":"required name=search_term_string"}],"inLanguage":"sl-SI"}]}},"_links":{"self":[{"href":"https:\/\/www.zannekrep.si\/amazonfba\/wp-json\/wp\/v2\/pages\/381"}],"collection":[{"href":"https:\/\/www.zannekrep.si\/amazonfba\/wp-json\/wp\/v2\/pages"}],"about":[{"href":"https:\/\/www.zannekrep.si\/amazonfba\/wp-json\/wp\/v2\/types\/page"}],"author":[{"embeddable":true,"href":"https:\/\/www.zannekrep.si\/amazonfba\/wp-json\/wp\/v2\/users\/1"}],"replies":[{"embeddable":true,"href":"https:\/\/www.zannekrep.si\/amazonfba\/wp-json\/wp\/v2\/comments?post=381"}],"version-history":[{"count":45,"href":"https:\/\/www.zannekrep.si\/amazonfba\/wp-json\/wp\/v2\/pages\/381\/revisions"}],"predecessor-version":[{"id":1867,"href":"https:\/\/www.zannekrep.si\/amazonfba\/wp-json\/wp\/v2\/pages\/381\/revisions\/1867"}],"wp:attachment":[{"href":"https:\/\/www.zannekrep.si\/amazonfba\/wp-json\/wp\/v2\/media?parent=381"}],"curies":[{"name":"wp","href":"https:\/\/api.w.org\/{rel}","templated":true}]}}