{"id":518,"date":"2018-01-29T13:00:44","date_gmt":"2018-01-29T13:00:44","guid":{"rendered":"http:\/\/www.zannekrep.si\/youtube-video-tecaj\/?post_type=product&#038;p=518"},"modified":"2020-05-17T11:12:31","modified_gmt":"2020-05-17T11:12:31","slug":"paket-a","status":"publish","type":"product","link":"https:\/\/www.zannekrep.si\/amazonfba\/izdelek\/paket-a\/","title":{"rendered":"Paket Amazonfba"},"content":{"rendered":"","protected":false},"excerpt":{"rendered":"<ul>\n<li lang=\"de-DE\"><span style=\"font-family: Arial, serif;\"><span lang=\"sl-SI\"><b>Prvi slovenski priro\u010dnik na 285 straneh<\/b><\/span><\/span><span style=\"font-family: Arial, serif;\"><span lang=\"sl-SI\"> e-knjige s povezavami in slikovnimi prikazi, ki smo jo pripravljali dve leti.<\/span><\/span><\/li>\n<li lang=\"de-DE\"><span style=\"font-family: Arial, serif;\"><span lang=\"sl-SI\"><b>Prvi slovenski video te\u010daj <\/b><\/span><\/span><span style=\"font-family: Arial, serif;\"><span lang=\"sl-SI\">o prodaji izdelkov na Amazonu iz Slovenije\u00a0<\/span><\/span><span style=\"font-family: Arial, serif;\">(30 video posnetkov s konkretnimi navodili in prikazi na izdelkih).<\/span><\/li>\n<\/ul>\n","protected":false},"featured_media":968,"comment_status":"closed","ping_status":"closed","template":"","meta":[],"product_cat":[17],"product_tag":[],"aioseo_notices":[],"yoast_head":"<!-- This site is optimized with the Yoast SEO plugin v22.1 - https:\/\/yoast.com\/wordpress\/plugins\/seo\/ -->\n<title>Paket Amazonfba - Prvi slovenski Amazon priro\u010dnik in video te\u010daj<\/title>\n<meta name=\"robots\" content=\"index, follow, max-snippet:-1, max-image-preview:large, max-video-preview:-1\" \/>\n<link rel=\"canonical\" href=\"https:\/\/www.zannekrep.si\/amazonfba\/izdelek\/paket-a\/\" \/>\n<meta property=\"og:locale\" content=\"sl_SI\" \/>\n<meta property=\"og:type\" content=\"article\" \/>\n<meta property=\"og:title\" content=\"Paket Amazonfba - Prvi slovenski Amazon priro\u010dnik in video te\u010daj\" \/>\n<meta property=\"og:description\" content=\"Prvi slovenski priro\u010dnik na 285 straneh e-knjige s povezavami in slikovnimi prikazi, ki smo jo pripravljali dve leti.  Prvi slovenski video te\u010daj o prodaji izdelkov na Amazonu iz Slovenije\u00a0(30 video posnetkov s konkretnimi navodili in prikazi na izdelkih).\" \/>\n<meta property=\"og:url\" content=\"https:\/\/www.zannekrep.si\/amazonfba\/izdelek\/paket-a\/\" \/>\n<meta property=\"og:site_name\" content=\"Prvi slovenski Amazon priro\u010dnik in video te\u010daj\" \/>\n<meta property=\"article:modified_time\" content=\"2020-05-17T11:12:31+00:00\" \/>\n<meta property=\"og:image\" content=\"https:\/\/www.zannekrep.si\/amazonfba\/wp-content\/uploads\/2018\/01\/student-1.png\" \/>\n\t<meta property=\"og:image:width\" content=\"256\" \/>\n\t<meta property=\"og:image:height\" content=\"256\" \/>\n\t<meta property=\"og:image:type\" content=\"image\/png\" \/>\n<meta name=\"twitter:card\" content=\"summary_large_image\" \/>\n<script type=\"application\/ld+json\" class=\"yoast-schema-graph\">{\"@context\":\"https:\/\/schema.org\",\"@graph\":[{\"@type\":\"WebPage\",\"@id\":\"https:\/\/www.zannekrep.si\/amazonfba\/izdelek\/paket-a\/\",\"url\":\"https:\/\/www.zannekrep.si\/amazonfba\/izdelek\/paket-a\/\",\"name\":\"Paket Amazonfba - Prvi slovenski Amazon priro\u010dnik in video te\u010daj\",\"isPartOf\":{\"@id\":\"https:\/\/www.zannekrep.si\/amazonfba\/#website\"},\"datePublished\":\"2018-01-29T13:00:44+00:00\",\"dateModified\":\"2020-05-17T11:12:31+00:00\",\"breadcrumb\":{\"@id\":\"https:\/\/www.zannekrep.si\/amazonfba\/izdelek\/paket-a\/#breadcrumb\"},\"inLanguage\":\"sl-SI\",\"potentialAction\":[{\"@type\":\"ReadAction\",\"target\":[\"https:\/\/www.zannekrep.si\/amazonfba\/izdelek\/paket-a\/\"]}]},{\"@type\":\"BreadcrumbList\",\"@id\":\"https:\/\/www.zannekrep.si\/amazonfba\/izdelek\/paket-a\/#breadcrumb\",\"itemListElement\":[{\"@type\":\"ListItem\",\"position\":1,\"name\":\"Home\",\"item\":\"https:\/\/www.zannekrep.si\/amazonfba\/\"},{\"@type\":\"ListItem\",\"position\":2,\"name\":\"Trgovina\",\"item\":\"https:\/\/www.zannekrep.si\/amazonfba\/trgovina\/\"},{\"@type\":\"ListItem\",\"position\":3,\"name\":\"Paket Amazonfba\"}]},{\"@type\":\"WebSite\",\"@id\":\"https:\/\/www.zannekrep.si\/amazonfba\/#website\",\"url\":\"https:\/\/www.zannekrep.si\/amazonfba\/\",\"name\":\"Prvi slovenski Amazon priro\u010dnik in video te\u010daj\",\"description\":\"Vpi\u0161ite va\u0161e podatke spodaj in med prvimi v Sloveniji boste naro\u010dili prvi slovenski priro\u010dnik in video te\u010daj o prodaji izdelkov na Amazonu iz Slovenije! \",\"potentialAction\":[{\"@type\":\"SearchAction\",\"target\":{\"@type\":\"EntryPoint\",\"urlTemplate\":\"https:\/\/www.zannekrep.si\/amazonfba\/?s={search_term_string}\"},\"query-input\":\"required name=search_term_string\"}],\"inLanguage\":\"sl-SI\"}]}<\/script>\n<!-- \/ Yoast SEO plugin. -->","yoast_head_json":{"title":"Paket Amazonfba - Prvi slovenski Amazon priro\u010dnik in video te\u010daj","robots":{"index":"index","follow":"follow","max-snippet":"max-snippet:-1","max-image-preview":"max-image-preview:large","max-video-preview":"max-video-preview:-1"},"canonical":"https:\/\/www.zannekrep.si\/amazonfba\/izdelek\/paket-a\/","og_locale":"sl_SI","og_type":"article","og_title":"Paket Amazonfba - Prvi slovenski Amazon priro\u010dnik in video te\u010daj","og_description":"Prvi slovenski priro\u010dnik na 285 straneh e-knjige s povezavami in slikovnimi prikazi, ki smo jo pripravljali dve leti.  Prvi slovenski video te\u010daj o prodaji izdelkov na Amazonu iz Slovenije\u00a0(30 video posnetkov s konkretnimi navodili in prikazi na izdelkih).","og_url":"https:\/\/www.zannekrep.si\/amazonfba\/izdelek\/paket-a\/","og_site_name":"Prvi slovenski Amazon priro\u010dnik in video te\u010daj","article_modified_time":"2020-05-17T11:12:31+00:00","og_image":[{"width":256,"height":256,"url":"https:\/\/www.zannekrep.si\/amazonfba\/wp-content\/uploads\/2018\/01\/student-1.png","type":"image\/png"}],"twitter_card":"summary_large_image","schema":{"@context":"https:\/\/schema.org","@graph":[{"@type":"WebPage","@id":"https:\/\/www.zannekrep.si\/amazonfba\/izdelek\/paket-a\/","url":"https:\/\/www.zannekrep.si\/amazonfba\/izdelek\/paket-a\/","name":"Paket Amazonfba - Prvi slovenski Amazon priro\u010dnik in video te\u010daj","isPartOf":{"@id":"https:\/\/www.zannekrep.si\/amazonfba\/#website"},"datePublished":"2018-01-29T13:00:44+00:00","dateModified":"2020-05-17T11:12:31+00:00","breadcrumb":{"@id":"https:\/\/www.zannekrep.si\/amazonfba\/izdelek\/paket-a\/#breadcrumb"},"inLanguage":"sl-SI","potentialAction":[{"@type":"ReadAction","target":["https:\/\/www.zannekrep.si\/amazonfba\/izdelek\/paket-a\/"]}]},{"@type":"BreadcrumbList","@id":"https:\/\/www.zannekrep.si\/amazonfba\/izdelek\/paket-a\/#breadcrumb","itemListElement":[{"@type":"ListItem","position":1,"name":"Home","item":"https:\/\/www.zannekrep.si\/amazonfba\/"},{"@type":"ListItem","position":2,"name":"Trgovina","item":"https:\/\/www.zannekrep.si\/amazonfba\/trgovina\/"},{"@type":"ListItem","position":3,"name":"Paket Amazonfba"}]},{"@type":"WebSite","@id":"https:\/\/www.zannekrep.si\/amazonfba\/#website","url":"https:\/\/www.zannekrep.si\/amazonfba\/","name":"Prvi slovenski Amazon priro\u010dnik in video te\u010daj","description":"Vpi\u0161ite va\u0161e podatke spodaj in med prvimi v Sloveniji boste naro\u010dili prvi slovenski priro\u010dnik in video te\u010daj o prodaji izdelkov na Amazonu iz Slovenije! ","potentialAction":[{"@type":"SearchAction","target":{"@type":"EntryPoint","urlTemplate":"https:\/\/www.zannekrep.si\/amazonfba\/?s={search_term_string}"},"query-input":"required name=search_term_string"}],"inLanguage":"sl-SI"}]}},"_links":{"self":[{"href":"https:\/\/www.zannekrep.si\/amazonfba\/wp-json\/wp\/v2\/product\/518"}],"collection":[{"href":"https:\/\/www.zannekrep.si\/amazonfba\/wp-json\/wp\/v2\/product"}],"about":[{"href":"https:\/\/www.zannekrep.si\/amazonfba\/wp-json\/wp\/v2\/types\/product"}],"replies":[{"embeddable":true,"href":"https:\/\/www.zannekrep.si\/amazonfba\/wp-json\/wp\/v2\/comments?post=518"}],"wp:featuredmedia":[{"embeddable":true,"href":"https:\/\/www.zannekrep.si\/amazonfba\/wp-json\/wp\/v2\/media\/968"}],"wp:attachment":[{"href":"https:\/\/www.zannekrep.si\/amazonfba\/wp-json\/wp\/v2\/media?parent=518"}],"wp:term":[{"taxonomy":"product_cat","embeddable":true,"href":"https:\/\/www.zannekrep.si\/amazonfba\/wp-json\/wp\/v2\/product_cat?post=518"},{"taxonomy":"product_tag","embeddable":true,"href":"https:\/\/www.zannekrep.si\/amazonfba\/wp-json\/wp\/v2\/product_tag?post=518"}],"curies":[{"name":"wp","href":"https:\/\/api.w.org\/{rel}","templated":true}]}}