{"id":183,"date":"2017-09-25T16:51:17","date_gmt":"2017-09-25T16:51:17","guid":{"rendered":"http:\/\/www.zannekrep.si\/youtube\/?post_type=product&#038;p=183"},"modified":"2018-01-28T13:05:45","modified_gmt":"2018-01-28T13:05:45","slug":"paket-a","status":"publish","type":"product","link":"https:\/\/www.zannekrep.si\/youtubetecaj\/izdelek\/paket-a\/","title":{"rendered":"Paket A"},"content":{"rendered":"<ul class=\"et_pb_pricing\">\n<li>\u0161esturna delavnica<\/li>\n<li>obse\u017eno gradivo<\/li>\n<li>brezpla\u010dno parkiranje<\/li>\n<\/ul>\n","protected":false},"excerpt":{"rendered":"<p>\u0161esturna delavnica obse\u017eno gradivo brezpla\u010dno parkiranje<\/p>\n","protected":false},"featured_media":0,"comment_status":"closed","ping_status":"closed","template":"","meta":[],"product_cat":[19],"product_tag":[],"_links":{"self":[{"href":"https:\/\/www.zannekrep.si\/youtubetecaj\/wp-json\/wp\/v2\/product\/183"}],"collection":[{"href":"https:\/\/www.zannekrep.si\/youtubetecaj\/wp-json\/wp\/v2\/product"}],"about":[{"href":"https:\/\/www.zannekrep.si\/youtubetecaj\/wp-json\/wp\/v2\/types\/product"}],"replies":[{"embeddable":true,"href":"https:\/\/www.zannekrep.si\/youtubetecaj\/wp-json\/wp\/v2\/comments?post=183"}],"wp:attachment":[{"href":"https:\/\/www.zannekrep.si\/youtubetecaj\/wp-json\/wp\/v2\/media?parent=183"}],"wp:term":[{"taxonomy":"product_cat","embeddable":true,"href":"https:\/\/www.zannekrep.si\/youtubetecaj\/wp-json\/wp\/v2\/product_cat?post=183"},{"taxonomy":"product_tag","embeddable":true,"href":"https:\/\/www.zannekrep.si\/youtubetecaj\/wp-json\/wp\/v2\/product_tag?post=183"}],"curies":[{"name":"wp","href":"https:\/\/api.w.org\/{rel}","templated":true}]}}