{"id":185,"date":"2017-09-25T16:53:03","date_gmt":"2017-09-25T16:53:03","guid":{"rendered":"http:\/\/www.zannekrep.si\/youtube\/?post_type=product&#038;p=185"},"modified":"2018-01-28T13:04:29","modified_gmt":"2018-01-28T13:04:29","slug":"paket-c","status":"publish","type":"product","link":"https:\/\/www.zannekrep.si\/youtubetecaj\/izdelek\/paket-c\/","title":{"rendered":"Paket C"},"content":{"rendered":"<ul class=\"et_pb_pricing\">\n<li>\u0161esturna delavnica<\/li>\n<li>obse\u017eno gradivo<\/li>\n<li>brezpla\u010dno parkiranje<\/li>\n<li>dodatno pla\u010dano kosilo s predavateljem<\/li>\n<li>video te\u010daj, ki bo lansiran decembra 2017<\/li>\n<li>dodatno enourno 1\u20131 svetovanje<\/li>\n<\/ul>\n","protected":false},"excerpt":{"rendered":"<p>\u0161esturna delavnica obse\u017eno gradivo brezpla\u010dno parkiranje dodatno pla\u010dano kosilo s predavateljem video te\u010daj, ki bo lansiran decembra 2017 dodatno enourno 1\u20131 svetovanje<\/p>\n","protected":false},"featured_media":0,"comment_status":"closed","ping_status":"closed","template":"","meta":[],"product_cat":[19],"product_tag":[],"_links":{"self":[{"href":"https:\/\/www.zannekrep.si\/youtubetecaj\/wp-json\/wp\/v2\/product\/185"}],"collection":[{"href":"https:\/\/www.zannekrep.si\/youtubetecaj\/wp-json\/wp\/v2\/product"}],"about":[{"href":"https:\/\/www.zannekrep.si\/youtubetecaj\/wp-json\/wp\/v2\/types\/product"}],"replies":[{"embeddable":true,"href":"https:\/\/www.zannekrep.si\/youtubetecaj\/wp-json\/wp\/v2\/comments?post=185"}],"wp:attachment":[{"href":"https:\/\/www.zannekrep.si\/youtubetecaj\/wp-json\/wp\/v2\/media?parent=185"}],"wp:term":[{"taxonomy":"product_cat","embeddable":true,"href":"https:\/\/www.zannekrep.si\/youtubetecaj\/wp-json\/wp\/v2\/product_cat?post=185"},{"taxonomy":"product_tag","embeddable":true,"href":"https:\/\/www.zannekrep.si\/youtubetecaj\/wp-json\/wp\/v2\/product_tag?post=185"}],"curies":[{"name":"wp","href":"https:\/\/api.w.org\/{rel}","templated":true}]}}